{"id":22,"date":"2023-07-04T04:04:17","date_gmt":"2023-07-04T04:04:17","guid":{"rendered":"https:\/\/proveeduria.usac.edu.gt\/?page_id=22"},"modified":"2024-04-19T00:09:42","modified_gmt":"2024-04-19T00:09:42","slug":"directorio","status":"publish","type":"page","link":"https:\/\/proveeduria.usac.edu.gt\/index.php\/directorio\/","title":{"rendered":"DIRECTORIO"},"content":{"rendered":"\n<h2 class=\"wp-block-heading alignfull has-text-align-center has-white-color has-text-color has-background\" style=\"background-color:#01186be8\">JEFATURA<\/h2>\n\n\n\n<div class=\"wp-block-columns alignwide is-layout-flex wp-container-core-columns-is-layout-9d6595d7 wp-block-columns-is-layout-flex\">\n<div class=\"wp-block-column is-layout-flow wp-block-column-is-layout-flow\">\n<div class=\"wp-block-columns are-vertically-aligned-center is-layout-flex wp-container-core-columns-is-layout-9d6595d7 wp-block-columns-is-layout-flex\">\n<div class=\"wp-block-column is-vertically-aligned-center is-layout-flow wp-block-column-is-layout-flow\" style=\"flex-basis:33.33%\">\n<figure class=\"wp-block-image size-full is-resized\"><img loading=\"lazy\" decoding=\"async\" width=\"350\" height=\"350\" src=\"https:\/\/proveeduria.usac.edu.gt\/wp-content\/uploads\/2023\/08\/dissDGF2020-04.png\" alt=\"\" class=\"wp-image-66\" style=\"width:175px;height:175px\"\/><\/figure>\n<\/div>\n\n\n\n<div class=\"wp-block-column is-vertically-aligned-center is-layout-flow wp-block-column-is-layout-flow\" style=\"flex-basis:66.66%\">\n<h3 class=\"wp-block-heading\"><strong>Lic. Luis Antonio Lopez Montenegro<\/strong><\/h3>\n\n\n\n<p>Jefe del Departamento de Proveedur\u00eda<\/p>\n\n\n\n<p><a href=\"mailto:lopez.antonio@usac.edu.gt\">lopez.antonio@usac.edu.gt<\/a><\/p>\n<\/div>\n<\/div>\n<\/div>\n<\/div>\n\n\n\n<hr class=\"wp-block-separator alignfull has-alpha-channel-opacity\"\/>\n\n\n\n<h2 class=\"wp-block-heading alignfull has-text-align-center has-white-color has-text-color has-background\" style=\"background-color:#01186be8\">EQUIPO ADMINISTRATIVO<\/h2>\n\n\n\n<div class=\"wp-block-columns alignfull is-layout-flex wp-container-core-columns-is-layout-9d6595d7 wp-block-columns-is-layout-flex\">\n<div class=\"wp-block-column is-layout-flow wp-block-column-is-layout-flow\">\n<div class=\"wp-block-columns are-vertically-aligned-center is-layout-flex wp-container-core-columns-is-layout-9d6595d7 wp-block-columns-is-layout-flex\">\n<div class=\"wp-block-column is-vertically-aligned-center is-layout-flow wp-block-column-is-layout-flow\" style=\"flex-basis:33.33%\">\n<figure class=\"wp-block-image size-full\"><img loading=\"lazy\" decoding=\"async\" width=\"350\" height=\"350\" src=\"https:\/\/proveeduria.usac.edu.gt\/wp-content\/uploads\/2023\/08\/personalprovee_0001_Capa-3.png\" alt=\"\" class=\"wp-image-72\"\/><\/figure>\n<\/div>\n\n\n\n<div class=\"wp-block-column is-vertically-aligned-center is-layout-flow wp-block-column-is-layout-flow\" style=\"flex-basis:66.66%\">\n<h3 class=\"wp-block-heading\" style=\"font-size:16px\"><strong>Reyna Maricela Mijangos Ib\u00e1\u00f1ez<\/strong><\/h3>\n\n\n\n<p>Secretaria IV<\/p>\n\n\n\n<p style=\"font-size:12px\"><a href=\"mailto:lopez.yesica@usac.edu.gt\"><\/a><a href=\"mailto:mijangos.reyna@usac.edu.gt\">mijangos.reyna@usac.edu.gt<\/a><\/p>\n<\/div>\n<\/div>\n<\/div>\n\n\n\n<div class=\"wp-block-column is-layout-flow wp-block-column-is-layout-flow\">\n<div class=\"wp-block-columns are-vertically-aligned-center is-layout-flex wp-container-core-columns-is-layout-9d6595d7 wp-block-columns-is-layout-flex\">\n<div class=\"wp-block-column is-vertically-aligned-center is-layout-flow wp-block-column-is-layout-flow\" style=\"flex-basis:33.33%\">\n<figure class=\"wp-block-image size-full\"><img loading=\"lazy\" decoding=\"async\" width=\"350\" height=\"350\" src=\"https:\/\/proveeduria.usac.edu.gt\/wp-content\/uploads\/2023\/08\/personalprovee_0005_Capa-7.png\" alt=\"\" class=\"wp-image-87\"\/><\/figure>\n<\/div>\n\n\n\n<div class=\"wp-block-column is-vertically-aligned-center is-layout-flow wp-block-column-is-layout-flow\" style=\"flex-basis:66.66%\">\n<h3 class=\"wp-block-heading\" style=\"font-size:16px\"><strong>Sandra Ivonne Cuy\u00fan Soto<\/strong><\/h3>\n\n\n\n<p>Oficinista III<\/p>\n\n\n\n<p style=\"font-size:12px\"><a href=\"mailto:lopez.yesica@usac.edu.gt\"><\/a><a href=\"mailto:sandra.cuyun@usac.edu.gt\">sandra.cuyun@usac.edu.gt<\/a><\/p>\n<\/div>\n<\/div>\n<\/div>\n\n\n\n<div class=\"wp-block-column is-layout-flow wp-block-column-is-layout-flow\">\n<div class=\"wp-block-columns are-vertically-aligned-center is-layout-flex wp-container-core-columns-is-layout-9d6595d7 wp-block-columns-is-layout-flex\">\n<div class=\"wp-block-column is-vertically-aligned-center is-layout-flow wp-block-column-is-layout-flow\" style=\"flex-basis:33.33%\">\n<figure class=\"wp-block-image size-full\"><img loading=\"lazy\" decoding=\"async\" width=\"350\" height=\"350\" src=\"https:\/\/proveeduria.usac.edu.gt\/wp-content\/uploads\/2023\/08\/personalprovee_0006_Capa-8.png\" alt=\"\" class=\"wp-image-88\"\/><\/figure>\n<\/div>\n\n\n\n<div class=\"wp-block-column is-vertically-aligned-center is-layout-flow wp-block-column-is-layout-flow\" style=\"flex-basis:66.66%\">\n<h3 class=\"wp-block-heading\" style=\"font-size:16px\"><strong>Leticia Maribel Duarte Beza<\/strong><\/h3>\n\n\n\n<p>Oficinista II<\/p>\n\n\n\n<p style=\"font-size:12px\"><a href=\"mailto:lopez.yesica@usac.edu.gt\"><\/a><a href=\"mailto:duarte.leticia@usac.edu.gt\">duarte.leticia@usac.edu.gt<\/a><\/p>\n<\/div>\n<\/div>\n<\/div>\n\n\n\n<div class=\"wp-block-column is-layout-flow wp-block-column-is-layout-flow\">\n<div class=\"wp-block-columns are-vertically-aligned-center is-layout-flex wp-container-core-columns-is-layout-9d6595d7 wp-block-columns-is-layout-flex\">\n<div class=\"wp-block-column is-vertically-aligned-center is-layout-flow wp-block-column-is-layout-flow\" style=\"flex-basis:33.33%\">\n<figure class=\"wp-block-image size-full\"><img loading=\"lazy\" decoding=\"async\" width=\"350\" height=\"350\" src=\"https:\/\/proveeduria.usac.edu.gt\/wp-content\/uploads\/2023\/08\/personalprovee_0003_Capa-5.png\" alt=\"\" class=\"wp-image-85\"\/><\/figure>\n<\/div>\n\n\n\n<div class=\"wp-block-column is-vertically-aligned-center is-layout-flow wp-block-column-is-layout-flow\" style=\"flex-basis:60.66%\">\n<h3 class=\"wp-block-heading\" style=\"font-size:16px\"><strong>H\u00e9ctor No\u00e9 Hern\u00e1ndez Mazariegos<\/strong><\/h3>\n\n\n\n<p>Mensajero<\/p>\n\n\n\n<p style=\"font-size:12px\"><a href=\"mailto:lopez.yesica@usac.edu.gt\"><\/a><a href=\"mailto:hernandez.hector@usac.edu.gt\">hernandez.hector@usac.edu.gt<\/a><\/p>\n<\/div>\n<\/div>\n<\/div>\n<\/div>\n\n\n\n<h2 class=\"wp-block-heading alignfull has-text-align-center has-white-color has-text-color has-background\" style=\"background-color:#01186be8\">\u00c1REA DE TESORER\u00cdA<\/h2>\n\n\n\n<div class=\"wp-block-columns alignwide is-layout-flex wp-container-core-columns-is-layout-9d6595d7 wp-block-columns-is-layout-flex\">\n<div class=\"wp-block-column is-layout-flow wp-block-column-is-layout-flow\">\n<div class=\"wp-block-columns are-vertically-aligned-center is-layout-flex wp-container-core-columns-is-layout-9d6595d7 wp-block-columns-is-layout-flex\">\n<div class=\"wp-block-column is-vertically-aligned-center is-layout-flow wp-block-column-is-layout-flow\" style=\"flex-basis:33.33%\">\n<figure class=\"wp-block-image size-full\"><img loading=\"lazy\" decoding=\"async\" width=\"350\" height=\"350\" src=\"https:\/\/proveeduria.usac.edu.gt\/wp-content\/uploads\/2023\/08\/personalprovee_0002_Capa-4.png\" alt=\"\" class=\"wp-image-84\"\/><\/figure>\n<\/div>\n\n\n\n<div class=\"wp-block-column is-vertically-aligned-center is-layout-flow wp-block-column-is-layout-flow\" style=\"flex-basis:66.66%\">\n<h3 class=\"wp-block-heading\"><strong>M.A. Teresa Noem\u00ed P\u00e9rez Sipaque<\/strong><\/h3>\n\n\n\n<p>Tesorero<\/p>\n\n\n\n<p><a href=\"mailto:lopez.antonio@usac.edu.gt\"><\/a><a href=\"mailto:perez.teresita@usac.edu.gt\">perez.teresa@correoe.usac.edu.gt<\/a><\/p>\n<\/div>\n<\/div>\n<\/div>\n\n\n\n<div class=\"wp-block-column is-layout-flow wp-block-column-is-layout-flow\">\n<div class=\"wp-block-columns are-vertically-aligned-center is-layout-flex wp-container-core-columns-is-layout-9d6595d7 wp-block-columns-is-layout-flex\">\n<div class=\"wp-block-column is-vertically-aligned-center is-layout-flow wp-block-column-is-layout-flow\" style=\"flex-basis:33.33%\">\n<figure class=\"wp-block-image size-full\"><img loading=\"lazy\" decoding=\"async\" width=\"350\" height=\"350\" src=\"https:\/\/proveeduria.usac.edu.gt\/wp-content\/uploads\/2023\/08\/personalprovee_0004_Capa-6.png\" alt=\"\" class=\"wp-image-86\"\/><\/figure>\n<\/div>\n\n\n\n<div class=\"wp-block-column is-vertically-aligned-center is-layout-flow wp-block-column-is-layout-flow\" style=\"flex-basis:66.66%\">\n<h3 class=\"wp-block-heading\"><strong>Fidadelfo Ignacio Vel\u00e1squez Fuentes<\/strong><\/h3>\n\n\n\n<p>Auxiliar de Tesorero<\/p>\n\n\n\n<p><a href=\"mailto:mijangos.reyna@usac.edu.gt\"><\/a><a href=\"mailto:ignaciovefuentes@usac.edu.gt\">ignaciovefuentes@usac.edu.gt<\/a><\/p>\n<\/div>\n<\/div>\n<\/div>\n<\/div>\n\n\n\n<hr class=\"wp-block-separator alignfull has-alpha-channel-opacity\"\/>\n\n\n\n<h2 class=\"wp-block-heading alignfull has-text-align-center has-white-color has-text-color has-background\" style=\"background-color:#01186be8\">\u00c1REA DE COMPRAS LOCALES<\/h2>\n\n\n\n<div class=\"wp-block-columns are-vertically-aligned-center is-layout-flex wp-container-core-columns-is-layout-9d6595d7 wp-block-columns-is-layout-flex\">\n<div class=\"wp-block-column is-vertically-aligned-center is-layout-flow wp-block-column-is-layout-flow\" style=\"flex-basis:33.33%\">\n<figure class=\"wp-block-image size-full is-resized\"><img loading=\"lazy\" decoding=\"async\" width=\"350\" height=\"350\" src=\"https:\/\/proveeduria.usac.edu.gt\/wp-content\/uploads\/2023\/08\/personalprovee_0009_Capa-11.png\" alt=\"\" class=\"wp-image-91\" style=\"width:175px;height:175px\"\/><\/figure>\n<\/div>\n\n\n\n<div class=\"wp-block-column is-vertically-aligned-center is-layout-flow wp-block-column-is-layout-flow\" style=\"flex-basis:66.66%\">\n<h3 class=\"wp-block-heading\"><strong>Lcda. Yesica Yulisa L\u00f3pez Carrillo<\/strong><\/h3>\n\n\n\n<p>Encargada de Compras Locales<\/p>\n\n\n\n<p><a href=\"mailto:lopez.yesica@usac.edu.gt\">lopez.yesica@usac.edu.gt<\/a><\/p>\n<\/div>\n<\/div>\n\n\n\n<hr class=\"wp-block-separator alignfull has-alpha-channel-opacity\"\/>\n\n\n\n<h2 class=\"wp-block-heading alignfull has-text-align-center has-white-color has-text-color has-background\" style=\"background-color:#01186be8\">\u00c1REA DE IMPORTACIONES<\/h2>\n\n\n\n<div class=\"wp-block-columns are-vertically-aligned-center is-layout-flex wp-container-core-columns-is-layout-9d6595d7 wp-block-columns-is-layout-flex\">\n<div class=\"wp-block-column is-vertically-aligned-center is-layout-flow wp-block-column-is-layout-flow\" style=\"flex-basis:33.33%\">\n<figure class=\"wp-block-image size-full is-resized\"><img loading=\"lazy\" decoding=\"async\" width=\"350\" height=\"350\" src=\"https:\/\/proveeduria.usac.edu.gt\/wp-content\/uploads\/2023\/08\/personalprovee_0007_Capa-9.png\" alt=\"\" class=\"wp-image-89\" style=\"width:175px;height:175px\"\/><\/figure>\n<\/div>\n\n\n\n<div class=\"wp-block-column is-vertically-aligned-center is-layout-flow wp-block-column-is-layout-flow\" style=\"flex-basis:66.66%\">\n<h3 class=\"wp-block-heading\"><strong>Luis Fernando Molina Tiz\u00f3n<\/strong><\/h3>\n\n\n\n<p>Encargado de Importaciones<\/p>\n\n\n\n<p><a href=\"mailto:molinaluis@usac.edu.gt\" data-type=\"mailto\" data-id=\"mailto:molinaluis@usac.edu.gt\">molinaluis@usac.edu.gt<\/a><\/p>\n<\/div>\n<\/div>\n\n\n\n<hr class=\"wp-block-separator alignfull has-alpha-channel-opacity\"\/>\n\n\n\n<h2 class=\"wp-block-heading alignfull has-text-align-center has-white-color has-text-color has-background\" style=\"background-color:#01186be8\">ALMAC\u00c9N CENTRAL<\/h2>\n\n\n\n<div class=\"wp-block-columns alignwide is-layout-flex wp-container-core-columns-is-layout-9d6595d7 wp-block-columns-is-layout-flex\">\n<div class=\"wp-block-column is-layout-flow wp-block-column-is-layout-flow\">\n<div class=\"wp-block-columns are-vertically-aligned-center is-layout-flex wp-container-core-columns-is-layout-9d6595d7 wp-block-columns-is-layout-flex\">\n<div class=\"wp-block-column is-vertically-aligned-center is-layout-flow wp-block-column-is-layout-flow\" style=\"flex-basis:33.33%\">\n<figure class=\"wp-block-image size-full\"><img loading=\"lazy\" decoding=\"async\" width=\"350\" height=\"350\" src=\"https:\/\/proveeduria.usac.edu.gt\/wp-content\/uploads\/2023\/08\/personalprovee_0000_Capa-2.png\" alt=\"\" class=\"wp-image-83\"\/><\/figure>\n<\/div>\n\n\n\n<div class=\"wp-block-column is-vertically-aligned-center is-layout-flow wp-block-column-is-layout-flow\" style=\"flex-basis:66.66%\">\n<h3 class=\"wp-block-heading\"><strong>Elver Melqueades Chinchilla Carrera<\/strong><\/h3>\n\n\n\n<p>Encargado de Almac\u00e9n Central<\/p>\n\n\n\n<p><a href=\"mailto:lopez.antonio@usac.edu.gt\"><\/a><a href=\"mailto:chinchilla.elver@usac.edu.gt\">chinchilla.elver@usac.edu.gt<\/a><\/p>\n<\/div>\n<\/div>\n<\/div>\n\n\n\n<div class=\"wp-block-column is-layout-flow wp-block-column-is-layout-flow\">\n<div class=\"wp-block-columns are-vertically-aligned-center is-layout-flex wp-container-core-columns-is-layout-9d6595d7 wp-block-columns-is-layout-flex\">\n<div class=\"wp-block-column is-vertically-aligned-center is-layout-flow wp-block-column-is-layout-flow\" style=\"flex-basis:33.33%\">\n<figure class=\"wp-block-image size-full\"><img loading=\"lazy\" decoding=\"async\" width=\"350\" height=\"350\" src=\"https:\/\/proveeduria.usac.edu.gt\/wp-content\/uploads\/2023\/08\/personalprovee_0008_Capa-10.png\" alt=\"\" class=\"wp-image-90\"\/><\/figure>\n<\/div>\n\n\n\n<div class=\"wp-block-column is-vertically-aligned-center is-layout-flow wp-block-column-is-layout-flow\" style=\"flex-basis:66.66%\">\n<h3 class=\"wp-block-heading\"><strong>Jos\u00e9 Roberto de la Cruz Gonz\u00e1lez<\/strong><\/h3>\n\n\n\n<p>Ayudante de Almac\u00e9n<\/p>\n\n\n\n<p><a href=\"mailto:mijangos.reyna@usac.edu.gt\"><\/a><a href=\"mailto:delacruz.jose@usac.edu.gt\">delacruz.jose@usac.edu.gt<\/a><\/p>\n<\/div>\n<\/div>\n<\/div>\n<\/div>\n\n\n\n<hr class=\"wp-block-separator alignfull has-alpha-channel-opacity\"\/>\n","protected":false},"excerpt":{"rendered":"<p>En esta secci\u00f3n se encuentran los contactos del Personal de Proveedur\u00eda.<\/p>\n","protected":false},"author":1,"featured_media":66,"parent":0,"menu_order":0,"comment_status":"closed","ping_status":"closed","template":"","meta":{"footnotes":""},"class_list":["post-22","page","type-page","status-publish","has-post-thumbnail","czr-hentry"],"_links":{"self":[{"href":"https:\/\/proveeduria.usac.edu.gt\/index.php\/wp-json\/wp\/v2\/pages\/22","targetHints":{"allow":["GET"]}}],"collection":[{"href":"https:\/\/proveeduria.usac.edu.gt\/index.php\/wp-json\/wp\/v2\/pages"}],"about":[{"href":"https:\/\/proveeduria.usac.edu.gt\/index.php\/wp-json\/wp\/v2\/types\/page"}],"author":[{"embeddable":true,"href":"https:\/\/proveeduria.usac.edu.gt\/index.php\/wp-json\/wp\/v2\/users\/1"}],"replies":[{"embeddable":true,"href":"https:\/\/proveeduria.usac.edu.gt\/index.php\/wp-json\/wp\/v2\/comments?post=22"}],"version-history":[{"count":40,"href":"https:\/\/proveeduria.usac.edu.gt\/index.php\/wp-json\/wp\/v2\/pages\/22\/revisions"}],"predecessor-version":[{"id":259,"href":"https:\/\/proveeduria.usac.edu.gt\/index.php\/wp-json\/wp\/v2\/pages\/22\/revisions\/259"}],"wp:featuredmedia":[{"embeddable":true,"href":"https:\/\/proveeduria.usac.edu.gt\/index.php\/wp-json\/wp\/v2\/media\/66"}],"wp:attachment":[{"href":"https:\/\/proveeduria.usac.edu.gt\/index.php\/wp-json\/wp\/v2\/media?parent=22"}],"curies":[{"name":"wp","href":"https:\/\/api.w.org\/{rel}","templated":true}]}}