{"id":18,"date":"2023-07-04T01:04:39","date_gmt":"2023-07-04T01:04:39","guid":{"rendered":"https:\/\/proveeduria.usac.edu.gt\/?page_id=18"},"modified":"2023-07-04T01:04:39","modified_gmt":"2023-07-04T01:04:39","slug":"objetivos","status":"publish","type":"page","link":"https:\/\/proveeduria.usac.edu.gt\/index.php\/objetivos\/","title":{"rendered":"OBJETIVOS"},"content":{"rendered":"\n<p>Son objetivos del Departamento de Proveedur\u00eda de la Direcci\u00f3n General Financiera de la Universidad de San Carlos de Guatemala, los siguientes:<\/p>\n\n\n\n<ol class=\"wp-block-list\" style=\"font-style:normal;font-weight:500\">\n<li>Atender \u00e1gil y eficientemente, las solicitudes de compra de las unidades de la administraci\u00f3n central que no cuentan con tesorero o juntas de cotizaci\u00f3n.<\/li>\n\n\n\n<li>Brindar asesor\u00eda a las dependencias de la Administraci\u00f3n Central, Facultades, Escuelas y Centros universitarios de la Universidad de San Carlos de Guatemala, para la realizaci\u00f3n de procesos de compra.<\/li>\n\n\n\n<li>Optimizar el uso de los recursos financieros asignados en el presupuesto del Departamento de Proveedur\u00eda.<\/li>\n\n\n\n<li>Contribuir con realizar las compras de bienes, servicios, materiales y suministros de calidad con base a la programaci\u00f3n anual de compras y lo que establece la Ley de Contrataciones del Estado y su Reglamento.<\/li>\n\n\n\n<li>Abastecer de materiales y suministros al Almac\u00e9n Central, seg\u00fan el plan anual de compras que se realiza seg\u00fan las necesidades de las dependencias de la Administraci\u00f3n Central, Facultades, Escuelas y Centros universitarios de la Universidad de San Carlos de Guatemala.<\/li>\n<\/ol>\n","protected":false},"excerpt":{"rendered":"<p>Son objetivos del Departamento de Proveedur\u00eda de la Direcci\u00f3n General Financiera de la Universidad de San Carlos de Guatemala, los siguientes:<\/p>\n","protected":false},"author":1,"featured_media":0,"parent":0,"menu_order":0,"comment_status":"closed","ping_status":"closed","template":"","meta":{"footnotes":""},"class_list":["post-18","page","type-page","status-publish","czr-hentry"],"_links":{"self":[{"href":"https:\/\/proveeduria.usac.edu.gt\/index.php\/wp-json\/wp\/v2\/pages\/18","targetHints":{"allow":["GET"]}}],"collection":[{"href":"https:\/\/proveeduria.usac.edu.gt\/index.php\/wp-json\/wp\/v2\/pages"}],"about":[{"href":"https:\/\/proveeduria.usac.edu.gt\/index.php\/wp-json\/wp\/v2\/types\/page"}],"author":[{"embeddable":true,"href":"https:\/\/proveeduria.usac.edu.gt\/index.php\/wp-json\/wp\/v2\/users\/1"}],"replies":[{"embeddable":true,"href":"https:\/\/proveeduria.usac.edu.gt\/index.php\/wp-json\/wp\/v2\/comments?post=18"}],"version-history":[{"count":1,"href":"https:\/\/proveeduria.usac.edu.gt\/index.php\/wp-json\/wp\/v2\/pages\/18\/revisions"}],"predecessor-version":[{"id":19,"href":"https:\/\/proveeduria.usac.edu.gt\/index.php\/wp-json\/wp\/v2\/pages\/18\/revisions\/19"}],"wp:attachment":[{"href":"https:\/\/proveeduria.usac.edu.gt\/index.php\/wp-json\/wp\/v2\/media?parent=18"}],"curies":[{"name":"wp","href":"https:\/\/api.w.org\/{rel}","templated":true}]}}