{"id":14,"date":"2023-07-04T01:01:07","date_gmt":"2023-07-04T01:01:07","guid":{"rendered":"https:\/\/proveeduria.usac.edu.gt\/?page_id=14"},"modified":"2023-07-04T01:01:08","modified_gmt":"2023-07-04T01:01:08","slug":"marco-historico","status":"publish","type":"page","link":"https:\/\/proveeduria.usac.edu.gt\/index.php\/marco-historico\/","title":{"rendered":"MARCO HIST\u00d3RICO"},"content":{"rendered":"\n<p>El Departamento de Proveedur\u00eda se llam\u00f3 en un inicio \u201cLa Secci\u00f3n de Compras\u201d porque el presupuesto asignado por el estado a la Universidad de San Carlos de Guatemala era de 3 a 4 millones de quetzales; se inici\u00f3 a ra\u00edz del nombramiento de un Encargado de Compras de los Edificios de Estudios B\u00e1sicos en 1965, cuya construcci\u00f3n se hizo en su totalidad por la v\u00eda administrativa. Al mismo tiempo, se le asignaron las compras de oficinas centrales que inclu\u00eda, adem\u00e1s de equipo, papeler\u00eda y \u00fatiles de escritorio, los materiales para mantenimiento y reparaci\u00f3n de edificios. Para tal efecto se manejaron dos fondos fijos de Q.500.00 y Q.7, 000.00, para las compras menores de Q.50.00. Se interven\u00eda en las licitaciones p\u00fablicas por compras mayores de Q.1,000.00, como lo exig\u00eda la Ley.<\/p>\n\n\n\n<p>En el a\u00f1o 1975, fue creado lo que en la actualidad es el Departamento de Proveedur\u00eda seg\u00fan el Acuerdo de Rector\u00eda No. 9,453 &#8211; 1975, de fecha 14 de mayo de 1,975, por el incremento del presupuesto del Estado de cuatro millones (Q.4,000,000.00) a ocho millones de quetzales (Q.8,000,000.00), surgi\u00f3 el cambio que origin\u00f3 este Departamento como dependencia de la Direcci\u00f3n General Financiera, todo esto en la administraci\u00f3n del Rector Dr. Roberto Valdeavellano. El Departamento de Proveedur\u00eda en sus inicios contaba con la Secci\u00f3n de Compras que ten\u00eda a su cargo los requerimientos de compras y contrataciones de bienes, obras y servicios para toda la Instituci\u00f3n, que se fueron haciendo lentos y tardados con el crecimiento de la Universidad, esto inclu\u00eda el tr\u00e1mite de solicitudes de compras, cotizaciones, licitaciones, liquidaciones y dem\u00e1s aspectos complementarios, como la adjudicaci\u00f3n de las compras o realizaci\u00f3n de las contrataciones respectivas, superando la capacidad de servicio de la Secci\u00f3n de Compras; as\u00ed tambi\u00e9n contaba con la Secci\u00f3n de Suministros para almacenaje y despacho de bienes para las diversas Dependencias de la Instituci\u00f3n llamado en la actualidad Almac\u00e9n Central. Con el paso de los a\u00f1os ha crecido el Departamento de Proveedur\u00eda tanto en recurso humano como en responsabilidades.<\/p>\n\n\n\n<p>Actualmente derivado de la reorganizaci\u00f3n realizada en el a\u00f1o 2007, se cuenta con varias secciones como: Compras, Importaciones, Tesorer\u00eda y el Almac\u00e9n Central que provee de variedad de productos de calidad a bajos precios a las diversas unidades de la Administraci\u00f3n Central as\u00ed como, a Centros Universitarios que as\u00ed lo solicitan. La Secci\u00f3n de Importaciones fue creada para hacer uso de la Franquicia Gubernativa que la Constituci\u00f3n Pol\u00edtica de la Rep\u00fablica de Guatemala le ha dado a la Universidad de San Carlos de Guatemala en el Art\u00edculo 88, con las compras que requer\u00edan tr\u00e1mites de importaci\u00f3n, ya sea por materiales, equipos de laboratorio y otros, esta secci\u00f3n se encarga de las gestiones de tr\u00e1mite de giros, cobranzas y cartas de cr\u00e9dito de todos los tr\u00e1mites aduanales, en la actualidad auxilia con todo lo de importaci\u00f3n de compras realizadas en el extranjero, donaciones, exportaciones y en lo relacionado a veh\u00edculos propiedad de la Universidad de San Carlos de Guatemala.<\/p>\n","protected":false},"excerpt":{"rendered":"<p>El Departamento de Proveedur\u00eda se llam\u00f3 en un inicio \u201cLa Secci\u00f3n de Compras\u201d porque el presupuesto asignado por el estado a la Universidad de San Carlos de Guatemala era de 3 a 4 millones de quetzales; se inici\u00f3 a ra\u00edz del nombramiento de un Encargado de Compras de los Edificios de Estudios B\u00e1sicos en 1965, [&hellip;]<\/p>\n","protected":false},"author":1,"featured_media":0,"parent":0,"menu_order":0,"comment_status":"closed","ping_status":"closed","template":"","meta":{"footnotes":""},"class_list":["post-14","page","type-page","status-publish","czr-hentry"],"_links":{"self":[{"href":"https:\/\/proveeduria.usac.edu.gt\/index.php\/wp-json\/wp\/v2\/pages\/14","targetHints":{"allow":["GET"]}}],"collection":[{"href":"https:\/\/proveeduria.usac.edu.gt\/index.php\/wp-json\/wp\/v2\/pages"}],"about":[{"href":"https:\/\/proveeduria.usac.edu.gt\/index.php\/wp-json\/wp\/v2\/types\/page"}],"author":[{"embeddable":true,"href":"https:\/\/proveeduria.usac.edu.gt\/index.php\/wp-json\/wp\/v2\/users\/1"}],"replies":[{"embeddable":true,"href":"https:\/\/proveeduria.usac.edu.gt\/index.php\/wp-json\/wp\/v2\/comments?post=14"}],"version-history":[{"count":1,"href":"https:\/\/proveeduria.usac.edu.gt\/index.php\/wp-json\/wp\/v2\/pages\/14\/revisions"}],"predecessor-version":[{"id":15,"href":"https:\/\/proveeduria.usac.edu.gt\/index.php\/wp-json\/wp\/v2\/pages\/14\/revisions\/15"}],"wp:attachment":[{"href":"https:\/\/proveeduria.usac.edu.gt\/index.php\/wp-json\/wp\/v2\/media?parent=14"}],"curies":[{"name":"wp","href":"https:\/\/api.w.org\/{rel}","templated":true}]}}